{"id":3255,"date":"2026-03-24T12:02:48","date_gmt":"2026-03-24T12:02:48","guid":{"rendered":"https:\/\/easybooking.lt\/?post_type=product&#038;p=3255"},"modified":"2026-03-24T12:02:55","modified_gmt":"2026-03-24T12:02:55","slug":"ars-nordic-smart-qr","status":"publish","type":"product","link":"https:\/\/easybooking.lt\/?product=ars-nordic-smart-qr","title":{"rendered":"ARS Nordic Smart QR"},"content":{"rendered":"<details id=\"e-n-accordion-item-8580\">\n<summary tabindex=\"0\" data-accordion-index=\"1\" aria-expanded=\"false\" aria-controls=\"e-n-accordion-item-8580\">ARS Nordic SMART QR<\/p>\n<\/summary>\n<p data-start=\"164\" data-end=\"380\">Tai pa\u017eangus decentralizuotas patalp\u0173 v\u0117dinimo \u012frenginys su \u0161ilumos gr\u0105\u017einimu, skirtas efektyviam gyvenam\u0173j\u0173 patalp\u0173 v\u0117dinimui ir tikslesniam mikroklimato parametr\u0173 valdymui \u0161altame klimate.<\/p>\n<p data-start=\"382\" data-end=\"551\">\u012erenginys u\u017etikrina nuolatin\u0119 \u0161vie\u017eio oro cirkuliacij\u0105, padeda pa\u0161alinti perteklin\u0119 dr\u0117gm\u0119 ir stabilizuoja patalp\u0173 mikroklimat\u0105, tuo pa\u010diu i\u0161saugodamas \u0161ilumos energij\u0105.<\/p>\n<p data-start=\"553\" data-end=\"776\">Modelis sukurtas pa\u017eangesniam sistemos valdymui \u2013 \u012frenginys leid\u017eia reguliuoti darbo parametrus ir pritaikyti v\u0117dinimo re\u017eimus prie konkre\u010di\u0173 patalp\u0173 s\u0105lyg\u0173, siekiant optimalaus oro sraut\u0173 balanso ir stabilaus mikroklimato.<\/p>\n<p data-start=\"778\" data-end=\"812\"><strong>ARS Nordic SMART QR puikiai tinka:<\/strong><\/p>\n<p data-start=\"814\" data-end=\"845\">butams ir individualiems namams<\/p>\n<p data-start=\"847\" data-end=\"871\">renovuojamiems pastatams<\/p>\n<p data-start=\"873\" data-end=\"945\">patalpoms, kuriose reikalingas tikslesnis v\u0117dinimo sistemos reguliavimas<\/p>\n<p data-start=\"947\" data-end=\"1079\">\u012erenginys optimizuotas Lietuvos ir \u0160iaur\u0117s Europos klimato s\u0105lygoms ir u\u017etikrina stabil\u0173 veikim\u0105 net esant \u017eemai lauko temperat\u016brai.<\/p>\n<\/details>\n<details id=\"e-n-accordion-item-8581\">\n<summary tabindex=\"-1\" data-accordion-index=\"2\" aria-expanded=\"false\" aria-controls=\"e-n-accordion-item-8581\">Pagrindiniai privalumai<\/p>\n<\/summary>\n<p data-start=\"1480\" data-end=\"1726\">\u2713 efektyvus patalp\u0173 v\u0117dinimas su \u0161ilumos gr\u0105\u017einimu<br data-start=\"1530\" data-end=\"1533\" \/>\u2713 i\u0161pl\u0117stin\u0117s sistemos valdymo ir reguliavimo galimyb\u0117s<br data-start=\"1588\" data-end=\"1591\" \/>\u2713 galimyb\u0117 optimizuoti v\u0117dinimo parametrus pagal patalp\u0173 s\u0105lygas<br data-start=\"1655\" data-end=\"1658\" \/>\u2713 stabilus veikimas \u0161altame klimate<br data-start=\"1693\" data-end=\"1696\" \/>\u2713 paprastas montavimas sienoje<\/p>\n<p data-start=\"1480\" data-end=\"1726\"><a href=\"https:\/\/ferbanat.lt\/ars-nordic-smart-qr-technical-data\/\">Pla\u010diau<\/a><\/p>\n<\/details>\n<details id=\"e-n-accordion-item-8582\">\n<summary tabindex=\"-1\" data-accordion-index=\"3\" aria-expanded=\"false\" aria-controls=\"e-n-accordion-item-8582\">SVARBI PASTABA<\/p>\n<\/summary>\n<p data-start=\"1101\" data-end=\"1212\"><strong data-start=\"1101\" data-end=\"1212\">REKOMENDUOJAME, KAD \u012eRENGINIO MONTAVIM\u0104 IR PIRMINIUS SISTEMOS NUSTATYMUS ATLIKT\u0172 KVALIFIKUOTI SPECIALISTAI.<\/strong><\/p>\n<p data-start=\"1214\" data-end=\"1449\">Tinkamas v\u0117dinimo sistemos veikimas priklauso nuo teisingai sureguliuoto oro sraut\u0173 balanso patalpose. Neturint specialios matavimo \u012frangos da\u017enai ne\u012fmanoma tiksliai \u012fvertinti pasyvaus oro pritek\u0117jimo ir tinkamai subalansuoti sistemos.<\/p>\n<\/details>\n","protected":false},"excerpt":{"rendered":"<p>ARS Nordic SMART QR Tai pa\u017eangus decentralizuotas patalp\u0173 v\u0117dinimo \u012frenginys su \u0161ilumos gr\u0105\u017einimu, skirtas efektyviam gyvenam\u0173j\u0173 patalp\u0173 v\u0117dinimui ir tikslesniam mikroklimato parametr\u0173 valdymui \u0161altame klimate. \u012erenginys u\u017etikrina nuolatin\u0119 \u0161vie\u017eio oro cirkuliacij\u0105, padeda pa\u0161alinti perteklin\u0119 dr\u0117gm\u0119 ir stabilizuoja patalp\u0173 mikroklimat\u0105, tuo pa\u010diu i\u0161saugodamas \u0161ilumos energij\u0105. Modelis sukurtas pa\u017eangesniam sistemos valdymui \u2013 \u012frenginys leid\u017eia reguliuoti darbo parametrus [&hellip;]<\/p>\n","protected":false},"featured_media":3257,"comment_status":"closed","ping_status":"closed","template":"","meta":{"_acf_changed":false},"product_brand":[],"product_cat":[141],"product_tag":[],"class_list":{"0":"post-3255","1":"product","2":"type-product","3":"status-publish","4":"has-post-thumbnail","6":"product_cat-minirekuperatoriai","8":"first","9":"instock","10":"taxable","11":"shipping-taxable","12":"purchasable","13":"product-type-simple"},"acf":[],"_links":{"self":[{"href":"https:\/\/easybooking.lt\/index.php?rest_route=\/wp\/v2\/product\/3255","targetHints":{"allow":["GET"]}}],"collection":[{"href":"https:\/\/easybooking.lt\/index.php?rest_route=\/wp\/v2\/product"}],"about":[{"href":"https:\/\/easybooking.lt\/index.php?rest_route=\/wp\/v2\/types\/product"}],"replies":[{"embeddable":true,"href":"https:\/\/easybooking.lt\/index.php?rest_route=%2Fwp%2Fv2%2Fcomments&post=3255"}],"wp:featuredmedia":[{"embeddable":true,"href":"https:\/\/easybooking.lt\/index.php?rest_route=\/wp\/v2\/media\/3257"}],"wp:attachment":[{"href":"https:\/\/easybooking.lt\/index.php?rest_route=%2Fwp%2Fv2%2Fmedia&parent=3255"}],"wp:term":[{"taxonomy":"product_brand","embeddable":true,"href":"https:\/\/easybooking.lt\/index.php?rest_route=%2Fwp%2Fv2%2Fproduct_brand&post=3255"},{"taxonomy":"product_cat","embeddable":true,"href":"https:\/\/easybooking.lt\/index.php?rest_route=%2Fwp%2Fv2%2Fproduct_cat&post=3255"},{"taxonomy":"product_tag","embeddable":true,"href":"https:\/\/easybooking.lt\/index.php?rest_route=%2Fwp%2Fv2%2Fproduct_tag&post=3255"}],"curies":[{"name":"wp","href":"https:\/\/api.w.org\/{rel}","templated":true}]}}