{"id":3253,"date":"2026-03-24T12:02:48","date_gmt":"2026-03-24T12:02:48","guid":{"rendered":"https:\/\/easybooking.lt\/?post_type=product&#038;p=3253"},"modified":"2026-03-24T12:02:54","modified_gmt":"2026-03-24T12:02:54","slug":"ars-nordic-light","status":"publish","type":"product","link":"https:\/\/easybooking.lt\/?product=ars-nordic-light","title":{"rendered":"ARS Nordic Light"},"content":{"rendered":"<p data-start=\"208\" data-end=\"361\"><strong data-start=\"208\" data-end=\"228\">ARS Nordic LIGHT<\/strong> \u2013 tai decentralizuota patalp\u0173 v\u0117dinimo sistema su \u0161ilumos gr\u0105\u017einimu, skirta efektyviam gyvenam\u0173j\u0173 patalp\u0173 v\u0117dinimui \u0161altame klimate.<\/p>\n<p data-start=\"363\" data-end=\"520\">\u012erenginys u\u017etikrina nuolatin\u0119 \u0161vie\u017eio oro cirkuliacij\u0105, pa\u0161alina perteklin\u0119 dr\u0117gm\u0119 ir pagerina patalp\u0173 mikroklimat\u0105, tuo pa\u010diu i\u0161saugodamas \u0161ilumos energij\u0105.<\/p>\n<p data-start=\"522\" data-end=\"676\">Modelis sukurtas paprastam ir patikimam naudojimui \u2013 valdymas atliekamas nuotolinio pultelio pagalba, o montavimas nereikalauja sud\u0117ting\u0173 ortaki\u0173 sistem\u0173.<\/p>\n<p data-start=\"678\" data-end=\"709\">ARS Nordic LIGHT puikiai tinka:<\/p>\n<ul data-start=\"711\" data-end=\"825\">\n<li data-section-id=\"urgfd\" data-start=\"711\" data-end=\"746\">\n<p data-start=\"713\" data-end=\"746\">butams ir individualiems namams<\/p>\n<\/li>\n<li data-section-id=\"zaadtm\" data-start=\"747\" data-end=\"775\">\n<p data-start=\"749\" data-end=\"775\">renovuojamiems pastatams<\/p>\n<\/li>\n<li data-section-id=\"7uvkdh\" data-start=\"776\" data-end=\"825\">\n<p data-start=\"778\" data-end=\"825\">patalpoms, kuriose n\u0117ra centrin\u0117s rekuperacijos<\/p>\n<\/li>\n<\/ul>\n<p data-start=\"827\" data-end=\"959\">\u012erenginys optimizuotas Lietuvos ir \u0160iaur\u0117s Europos klimato s\u0105lygoms ir u\u017etikrina stabil\u0173 veikim\u0105 net esant \u017eemai lauko temperat\u016brai.<\/p>\n<h3 data-section-id=\"17bkv0n\" data-start=\"966\" data-end=\"993\">Pagrindiniai privalumai<\/h3>\n<p data-start=\"995\" data-end=\"1186\">\u2713 efektyvus patalp\u0173 v\u0117dinimas su \u0161ilumos gr\u0105\u017einimu<br data-start=\"1045\" data-end=\"1048\" \/>\u2713 stabilus veikimas \u0161altame klimate<br data-start=\"1083\" data-end=\"1086\" \/>\u2713 paprastas valdymas nuotolinio pultelio pagalba<br data-start=\"1134\" data-end=\"1137\" \/>\u2713 tylus veikimas<br data-start=\"1153\" data-end=\"1156\" \/>\u2713 paprastas montavimas sienoje<\/p>\n<p data-start=\"995\" data-end=\"1186\"><a href=\"https:\/\/ferbanat.lt\/ars-nordic-light-technical-data\">Pla\u010diau<\/a><\/p>\n","protected":false},"excerpt":{"rendered":"<p>ARS Nordic LIGHT \u2013 tai decentralizuota patalp\u0173 v\u0117dinimo sistema su \u0161ilumos gr\u0105\u017einimu, skirta efektyviam gyvenam\u0173j\u0173 patalp\u0173 v\u0117dinimui \u0161altame klimate. \u012erenginys u\u017etikrina nuolatin\u0119 \u0161vie\u017eio oro cirkuliacij\u0105, pa\u0161alina perteklin\u0119 dr\u0117gm\u0119 ir pagerina patalp\u0173 mikroklimat\u0105, tuo pa\u010diu i\u0161saugodamas \u0161ilumos energij\u0105. Modelis sukurtas paprastam ir patikimam naudojimui \u2013 valdymas atliekamas nuotolinio pultelio pagalba, o montavimas nereikalauja sud\u0117ting\u0173 ortaki\u0173 sistem\u0173. [&hellip;]<\/p>\n","protected":false},"featured_media":3256,"comment_status":"closed","ping_status":"closed","template":"","meta":{"_acf_changed":false},"product_brand":[],"product_cat":[141],"product_tag":[],"class_list":{"0":"post-3253","1":"product","2":"type-product","3":"status-publish","4":"has-post-thumbnail","6":"product_cat-minirekuperatoriai","8":"first","9":"instock","10":"taxable","11":"shipping-taxable","12":"purchasable","13":"product-type-simple"},"acf":[],"_links":{"self":[{"href":"https:\/\/easybooking.lt\/index.php?rest_route=\/wp\/v2\/product\/3253","targetHints":{"allow":["GET"]}}],"collection":[{"href":"https:\/\/easybooking.lt\/index.php?rest_route=\/wp\/v2\/product"}],"about":[{"href":"https:\/\/easybooking.lt\/index.php?rest_route=\/wp\/v2\/types\/product"}],"replies":[{"embeddable":true,"href":"https:\/\/easybooking.lt\/index.php?rest_route=%2Fwp%2Fv2%2Fcomments&post=3253"}],"wp:featuredmedia":[{"embeddable":true,"href":"https:\/\/easybooking.lt\/index.php?rest_route=\/wp\/v2\/media\/3256"}],"wp:attachment":[{"href":"https:\/\/easybooking.lt\/index.php?rest_route=%2Fwp%2Fv2%2Fmedia&parent=3253"}],"wp:term":[{"taxonomy":"product_brand","embeddable":true,"href":"https:\/\/easybooking.lt\/index.php?rest_route=%2Fwp%2Fv2%2Fproduct_brand&post=3253"},{"taxonomy":"product_cat","embeddable":true,"href":"https:\/\/easybooking.lt\/index.php?rest_route=%2Fwp%2Fv2%2Fproduct_cat&post=3253"},{"taxonomy":"product_tag","embeddable":true,"href":"https:\/\/easybooking.lt\/index.php?rest_route=%2Fwp%2Fv2%2Fproduct_tag&post=3253"}],"curies":[{"name":"wp","href":"https:\/\/api.w.org\/{rel}","templated":true}]}}