{"id":471,"date":"2025-12-05T14:50:51","date_gmt":"2025-12-05T14:50:51","guid":{"rendered":"https:\/\/easybooking.lt\/?page_id=471"},"modified":"2026-03-23T18:38:48","modified_gmt":"2026-03-23T18:38:48","slug":"cart","status":"publish","type":"page","link":"https:\/\/easybooking.lt\/?page_id=471","title":{"rendered":"Cart"},"content":{"rendered":"<h1>Cart<\/h1>\n<p><div class=\"woocommerce\"><div class=\"woocommerce-notices-wrapper\"><\/div><div class=\"wc-empty-cart-message\">\n\t<div class=\"cart-empty woocommerce-info\" role=\"status\">\n\t\tKrep\u0161elis dar tu\u0161\u010dias.\t<\/div>\n<\/div>\t<p class=\"return-to-shop\">\n\t\t<a class=\"button wc-backward\" href=\"https:\/\/easybooking.lt\/?page_id=1416\">\n\t\t\tGr\u012f\u017eti \u012f parduotuv\u0119\t\t<\/a>\n\t<\/p>\n<\/div><br \/>\n<!--more--><br \/>\n<!-- {\"type\":\"layout\",\"children\":[{\"name\":\"Cart\",\"type\":\"section\",\"props\":{\"height\":\"page\",\"image_position\":\"center-center\",\"style\":\"default\",\"title_breakpoint\":\"xl\",\"title_position\":\"top-left\",\"title_rotation\":\"left\",\"vertical_align\":\"\",\"width\":\"default\"},\"children\":[{\"type\":\"row\",\"children\":[{\"type\":\"column\",\"props\":{\"image_position\":\"center-center\",\"position_sticky_breakpoint\":\"m\"},\"children\":[{\"type\":\"breadcrumbs\",\"props\":{\"margin_bottom\":\"default\",\"margin_top\":\"default\",\"show_current\":true,\"show_home\":true}},{\"type\":\"headline\",\"props\":{\"content\":\"Cart\",\"image_align\":\"left\",\"image_margin\":\"xsmall\",\"margin_bottom\":\"medium\",\"margin_top\":\"remove\",\"title_element\":\"h1\"}},{\"type\":\"woo_pages\",\"props\":{\"page\":\"cart\"}}]}]},{\"type\":\"row\",\"children\":[{\"type\":\"column\",\"props\":{\"image_position\":\"center-center\",\"position_sticky_breakpoint\":\"m\"},\"children\":[{\"type\":\"woo_price\"}]}]}]}],\"version\":\"5.0.6\",\"modified\":\"2022-11-25T16:50:29.759Z\",\"name\":\"Cart\"} --><\/p>\n","protected":false},"excerpt":{"rendered":"<p>Cart<\/p>\n","protected":false},"author":1,"featured_media":0,"parent":0,"menu_order":0,"comment_status":"closed","ping_status":"closed","template":"","meta":{"_acf_changed":false,"footnotes":""},"class_list":["post-471","page","type-page","status-publish","hentry"],"acf":[],"_links":{"self":[{"href":"https:\/\/easybooking.lt\/index.php?rest_route=\/wp\/v2\/pages\/471","targetHints":{"allow":["GET"]}}],"collection":[{"href":"https:\/\/easybooking.lt\/index.php?rest_route=\/wp\/v2\/pages"}],"about":[{"href":"https:\/\/easybooking.lt\/index.php?rest_route=\/wp\/v2\/types\/page"}],"author":[{"embeddable":true,"href":"https:\/\/easybooking.lt\/index.php?rest_route=\/wp\/v2\/users\/1"}],"replies":[{"embeddable":true,"href":"https:\/\/easybooking.lt\/index.php?rest_route=%2Fwp%2Fv2%2Fcomments&post=471"}],"version-history":[{"count":2,"href":"https:\/\/easybooking.lt\/index.php?rest_route=\/wp\/v2\/pages\/471\/revisions"}],"predecessor-version":[{"id":3171,"href":"https:\/\/easybooking.lt\/index.php?rest_route=\/wp\/v2\/pages\/471\/revisions\/3171"}],"wp:attachment":[{"href":"https:\/\/easybooking.lt\/index.php?rest_route=%2Fwp%2Fv2%2Fmedia&parent=471"}],"curies":[{"name":"wp","href":"https:\/\/api.w.org\/{rel}","templated":true}]}}