{"id":1,"date":"2019-09-05T08:43:56","date_gmt":"2019-09-05T08:43:56","guid":{"rendered":"https:\/\/easybooking.lt\/?page_id=1"},"modified":"2026-03-24T12:12:23","modified_gmt":"2026-03-24T12:12:23","slug":"home","status":"publish","type":"page","link":"https:\/\/easybooking.lt\/","title":{"rendered":"Home"},"content":{"rendered":"<h1>\n<h1 style=\"text-align: left;\">ARS NORDIC minirekuperatoriai namams<\/h1>\n<\/h1>\n<div>\n<p class=\"elementor-heading-title elementor-size-default\">Efektyvus patalp\u0173 v\u0117dinimas net esant dideliam \u0161al\u010diui<\/p>\n<p><span>\u00a0\u2713 Veikia iki -25\u00b0C<\/span><br \/><span>\u2713 Tylus veikimas<\/span><br \/><span>\u2713 Paprastas montavimas<\/span><br \/><span>\u2713 Pagaminta Lietuvoje<\/span><\/p>\n<\/div>\n<h2>Explore Our Latest Arrivals<\/h2>\n<ul>\n<li>\n<\/li>\n<li>\n<\/li>\n<\/ul>\n<div>\n<\/div>\n<div>Spring Summer 2024<\/div>\n<h2>Color Essentials<\/h2>\n<ul>\n<li>\n<p>\n        <a href=\"\/?product_cat=women\">Women<\/a>\n    <\/p>\n<\/li>\n<li>\n<p>\n        <a href=\"\/?product_cat=men\">Men<\/a>\n    <\/p>\n<\/li>\n<\/ul>\n<h2>Knitwear<\/h2>\n<ul>\n<li>\n<p>\n        <a href=\"\/?product_cat=knitwear\">Women<\/a>\n    <\/p>\n<\/li>\n<li>\n<p>\n        <a href=\"\/?product_cat=knitwear-2\">Men<\/a>\n    <\/p>\n<\/li>\n<\/ul>\n<h2>Bestsellers<\/h2>\n<ul>\n<li>\n<p>\n        <a href=\"\/?product_cat=women\">Women<\/a>\n    <\/p>\n<\/li>\n<li>\n<p>\n        <a href=\"\/?product_cat=men\">Men<\/a>\n    <\/p>\n<\/li>\n<\/ul>\n<p><!--more--><br \/>\n<!-- {\"type\":\"layout\",\"children\":[{\"type\":\"section\",\"props\":{\"height\":\"viewport\",\"height_viewport_offset\":true,\"image_height\":800,\"image_loading\":false,\"image_position\":\"center-center\",\"media_focal_point\":\"bottom-center\",\"padding_bottom\":\"small\",\"padding_top\":\"large\",\"style\":\"default\",\"text_color\":\"dark\",\"title_breakpoint\":\"xl\",\"title_position\":\"top-left\",\"title_rotation\":\"left\",\"vertical_align\":\"bottom\",\"video\":\"wp-content\/uploads\/2026\/03\/kling_20260322-ars-light.mp4\",\"width\":\"default\"},\"children\":[{\"type\":\"row\",\"children\":[{\"type\":\"column\",\"props\":{\"image_position\":\"center-center\",\"position_sticky_breakpoint\":\"m\"},\"children\":[{\"type\":\"headline\",\"props\":{\"content\":\"\n\n<h1 style=\\\"text-align: left;\\\">ARS NORDIC minirekuperatoriai namams<\/h1>\n\n\",\"image_align\":\"left\",\"image_margin\":\"xsmall\",\"margin_bottom\":\"small\",\"margin_top\":\"large\",\"maxwidth\":\"xlarge\",\"position_bottom\":\"0\",\"position_left\":\"0\",\"text_align\":\"center\",\"title_element\":\"h1\",\"title_font_family\":\"default\",\"title_style\":\"h1\"}},{\"type\":\"text\",\"props\":{\"column_breakpoint\":\"m\",\"content\":\"\n\n<p class=\\\"elementor-heading-title elementor-size-default\\\">Efektyvus patalp\u0173 v\u0117dinimas net esant dideliam \u0161al\u010diui<\/p>\n\n\\n\n\n<p><span>\u00a0\u2713 Veikia iki -25\u00b0C<\/span><br \/><span>\u2713 Tylus veikimas<\/span><br \/><span>\u2713 Paprastas montavimas<\/span><br \/><span>\u2713 Pagaminta Lietuvoje<\/span><\/p>\n\n\",\"dropcap\":false,\"margin_bottom\":\"remove\",\"margin_top\":\"default\",\"position\":\"relative\",\"text_align\":\"left\",\"text_style\":\"large\"}}]}]}],\"name\":\"Hero\"},{\"type\":\"section\",\"props\":{\"image_position\":\"center-center\",\"padding_bottom\":\"none\",\"padding_top\":\"none\",\"style\":\"default\",\"title_breakpoint\":\"xl\",\"title_position\":\"top-left\",\"title_rotation\":\"left\",\"vertical_align\":\"\",\"width\":\"\"},\"children\":[{\"type\":\"row\",\"children\":[{\"type\":\"column\",\"props\":{\"image_position\":\"center-center\",\"position_sticky_breakpoint\":\"m\"},\"children\":[{\"type\":\"woo_products\",\"props\":{\"cat_operator\":\"IN\",\"columns\":2,\"limit\":2,\"order\":\"desc\",\"orderby\":\"date\",\"paginate\":\"false\",\"product_visibility\":\"visible\",\"show_count\":true,\"show_ordering\":true,\"show_rating\":true,\"show_title\":true,\"tag_operator\":\"IN\",\"terms_operator\":\"IN\",\"type\":\"products\"}}]}]}],\"name\":\"Categories 01\"},{\"type\":\"section\",\"props\":{\"image_position\":\"center-center\",\"style\":\"default\",\"title_breakpoint\":\"xl\",\"title_position\":\"top-left\",\"title_rotation\":\"left\",\"vertical_align\":\"\",\"width\":\"\"},\"children\":[{\"type\":\"row\",\"children\":[{\"type\":\"column\",\"props\":{\"image_position\":\"center-center\",\"position_sticky_breakpoint\":\"m\"},\"children\":[{\"type\":\"headline\",\"props\":{\"content\":\"Explore Our Latest Arrivals\",\"image_align\":\"left\",\"image_margin\":\"xsmall\",\"margin_bottom\":\"small\",\"margin_top\":\"small\",\"text_align\":\"center\",\"title_element\":\"h2\",\"title_style\":\"h3\"}},{\"type\":\"button\",\"props\":{\"grid_column_gap\":\"small\",\"grid_row_gap\":\"small\",\"margin_bottom\":\"\",\"margin_top\":\"\",\"text_align\":\"center\"},\"children\":[{\"type\":\"button_item\",\"props\":{\"button_style\":\"text\",\"dialog_layout\":\"modal\",\"dialog_offcanvas_flip\":true,\"icon_align\":\"left\"},\"source\":{\"query\":{\"name\":\"productCats.customProductCat\",\"arguments\":{\"id\":23}},\"props\":{\"content\":{\"filters\":{\"search\":\"\"},\"name\":\"name\"},\"link\":{\"filters\":{\"search\":\"\"},\"name\":\"link\"}}}},{\"type\":\"button_item\",\"props\":{\"button_style\":\"text\",\"dialog_layout\":\"modal\",\"dialog_offcanvas_flip\":true,\"icon_align\":\"left\"},\"source\":{\"query\":{\"name\":\"productCats.customProductCat\",\"arguments\":{\"id\":43}},\"props\":{\"content\":{\"filters\":{\"search\":\"\"},\"name\":\"name\"},\"link\":{\"filters\":{\"search\":\"\"},\"name\":\"link\"}}}}]},{\"type\":\"panel-slider\",\"props\":{\"content_column_breakpoint\":\"m\",\"image_align\":\"top\",\"image_grid_breakpoint\":\"m\",\"image_grid_width\":\"1-2\",\"image_height\":\"882\",\"image_link\":true,\"image_svg_color\":\"emphasis\",\"image_text_color\":\"dark\",\"image_width\":\"660\",\"link_style\":\"default\",\"link_text\":\"\",\"margin_bottom\":\"medium\",\"margin_top\":\"medium\",\"meta_align\":\"below-title\",\"meta_element\":\"div\",\"meta_margin\":\"remove\",\"meta_style\":\"h6\",\"nav\":\"\",\"nav_align\":\"center\",\"nav_breakpoint\":\"\",\"nav_margin\":\"medium\",\"panel_image_no_padding\":true,\"panel_match\":true,\"panel_padding\":\"small\",\"panel_style\":\"tile-default\",\"show_content\":true,\"show_hover_image\":true,\"show_hover_video\":true,\"show_image\":true,\"show_link\":true,\"show_meta\":true,\"show_title\":true,\"show_video\":true,\"slidenav\":\"default\",\"slidenav_breakpoint\":\"\",\"slidenav_hover\":true,\"slidenav_margin\":\"medium\",\"slidenav_outside_breakpoint\":\"xl\",\"slider_autoplay_pause\":true,\"slider_center\":false,\"slider_gap\":\"\",\"slider_width\":\"fixed\",\"slider_width_default\":\"4-5\",\"slider_width_medium\":\"1-4\",\"slider_width_small\":\"1-3\",\"title_align\":\"top\",\"title_element\":\"h3\",\"title_grid_breakpoint\":\"m\",\"title_grid_width\":\"1-2\",\"title_hover_style\":\"reset\",\"title_link\":true,\"title_style\":\"h5\"},\"children\":[{\"type\":\"panel-slider_item\",\"source\":{\"query\":{\"name\":\"products.customProducts\",\"arguments\":{\"users\":[],\"users_operator\":\"IN\",\"offset\":0,\"limit\":8,\"order\":\"date\",\"order_direction\":\"DESC\",\"terms\":[23,43],\"product_cat_operator\":\"IN\",\"product_tag_operator\":\"IN\",\"product_visibility_operator\":\"IN\",\"product_cat_include_children\":\"only\",\"pa_color_operator\":\"IN\",\"pa_fit_operator\":\"IN\",\"pa_size_operator\":\"IN\",\"product_brand_operator\":\"IN\",\"date_range\":\"relative\",\"date_relative\":\"next\",\"date_relative_unit\":\"day\",\"date_relative_unit_this\":\"day\"}},\"props\":{\"title\":{\"filters\":{\"search\":\"\"},\"name\":\"title\"},\"image\":{\"filters\":{\"search\":\"\"},\"name\":\"featuredImage.url\"},\"image_alt\":{\"filters\":{\"search\":\"\"},\"name\":\"featuredImage.alt\"},\"meta\":{\"filters\":{\"search\":\"\",\"after\":\"\",\"before\":\"\"},\"name\":\"woocommerce.price\"},\"link\":{\"filters\":{\"search\":\"\"},\"name\":\"link\"},\"hover_video\":{\"filters\":{\"search\":\"\"},\"name\":\"field.product_video.url\"}}},\"props\":{\"item_element\":\"article\"}}],\"modified\":\"2022-01-17T14:02:29.951Z\"}]}]}],\"name\":\"Latest Products\",\"modified\":\"2021-12-21T10:56:52.911Z\"},{\"type\":\"section\",\"props\":{\"height\":\"viewport\",\"height_viewport_offset\":false,\"image_position\":\"center-center\",\"image_size\":\"cover\",\"padding_bottom\":\"none\",\"padding_top\":\"none\",\"style\":\"default\",\"text_color\":\"light\",\"title_breakpoint\":\"xl\",\"title_position\":\"top-left\",\"title_rotation\":\"left\",\"vertical_align\":\"middle\",\"video\":\"wp-content\/uploads\/yootheme\/demo\/products-tag-color-essentials.mp4\",\"width\":\"large\"},\"children\":[{\"type\":\"row\",\"children\":[{\"type\":\"column\",\"props\":{\"image_position\":\"center-center\",\"position_sticky_breakpoint\":\"m\"},\"children\":[{\"type\":\"headline\",\"props\":{\"content\":\"Spring Summer 2024\",\"image_align\":\"left\",\"image_margin\":\"xsmall\",\"text_align\":\"center\",\"title_element\":\"div\",\"title_style\":\"h5\"}},{\"type\":\"headline\",\"props\":{\"content\":\"Color Essentials\",\"image_align\":\"left\",\"image_margin\":\"xsmall\",\"margin_bottom\":\"default\",\"margin_top\":\"default\",\"text_align\":\"center\",\"title_element\":\"h2\",\"title_style\":\"heading-small\"}},{\"type\":\"button\",\"props\":{\"button_size\":\"large\",\"grid_column_gap\":\"small\",\"grid_row_gap\":\"small\",\"margin_bottom\":\"default\",\"margin_top\":\"default\",\"text_align\":\"center\"},\"children\":[{\"type\":\"button_item\",\"props\":{\"button_style\":\"text\",\"content\":\"Women\",\"dialog_layout\":\"modal\",\"dialog_offcanvas_flip\":true,\"icon_align\":\"left\",\"link\":\"?product_cat=women\"}},{\"type\":\"button_item\",\"props\":{\"button_style\":\"text\",\"content\":\"Men\",\"dialog_layout\":\"modal\",\"dialog_offcanvas_flip\":true,\"icon_align\":\"left\",\"link\":\"?product_cat=men\"}}]}]}]}],\"name\":\"Collection\"},{\"type\":\"section\",\"props\":{\"image_position\":\"center-center\",\"padding_bottom\":\"none\",\"padding_top\":\"none\",\"style\":\"default\",\"title_breakpoint\":\"xl\",\"title_position\":\"top-left\",\"title_rotation\":\"left\",\"vertical_align\":\"\",\"width\":\"\"},\"children\":[{\"type\":\"row\",\"children\":[{\"type\":\"column\",\"props\":{\"image\":\"wp-content\/uploads\/yootheme\/demo\/home-categories-knitwear.jpg\",\"image_position\":\"center-center\",\"image_size\":\"cover\",\"image_width\":\"1510\",\"position_sticky_breakpoint\":\"m\",\"text_color\":\"light\",\"vertical_align\":\"middle\",\"width_medium\":\"1-2\"},\"children\":[{\"type\":\"headline\",\"props\":{\"content\":\"Knitwear\",\"image_align\":\"left\",\"image_margin\":\"xsmall\",\"text_align\":\"center\",\"title_element\":\"h2\",\"title_style\":\"heading-small\"}},{\"type\":\"button\",\"props\":{\"button_size\":\"large\",\"grid_column_gap\":\"medium\",\"grid_row_gap\":\"small\",\"margin_bottom\":\"default\",\"margin_top\":\"default\",\"text_align\":\"center\"},\"children\":[{\"type\":\"button_item\",\"props\":{\"button_style\":\"text\",\"content\":\"Women\",\"dialog_layout\":\"modal\",\"dialog_offcanvas_flip\":true,\"icon_align\":\"left\",\"link\":\"?product_cat=knitwear\"}},{\"type\":\"button_item\",\"props\":{\"button_style\":\"text\",\"content\":\"Men\",\"dialog_layout\":\"modal\",\"dialog_offcanvas_flip\":true,\"icon_align\":\"left\",\"link\":\"?product_cat=knitwear-2\"}}]}]},{\"type\":\"column\",\"props\":{\"image\":\"wp-content\/uploads\/yootheme\/demo\/home-categories-bestsellers.jpg\",\"image_position\":\"center-center\",\"image_size\":\"cover\",\"image_width\":\"1510\",\"position_sticky_breakpoint\":\"m\",\"text_color\":\"light\",\"vertical_align\":\"middle\",\"width_medium\":\"1-2\"},\"children\":[{\"type\":\"headline\",\"props\":{\"content\":\"Bestsellers\",\"image_align\":\"left\",\"image_margin\":\"xsmall\",\"text_align\":\"center\",\"title_element\":\"h2\",\"title_style\":\"heading-small\"}},{\"type\":\"button\",\"props\":{\"button_size\":\"large\",\"grid_column_gap\":\"medium\",\"grid_row_gap\":\"small\",\"margin_bottom\":\"default\",\"margin_top\":\"default\",\"text_align\":\"center\"},\"children\":[{\"type\":\"button_item\",\"props\":{\"button_style\":\"text\",\"content\":\"Women\",\"dialog_layout\":\"modal\",\"dialog_offcanvas_flip\":true,\"icon_align\":\"left\",\"link\":\"?product_cat=women\"}},{\"type\":\"button_item\",\"props\":{\"button_style\":\"text\",\"content\":\"Men\",\"dialog_layout\":\"modal\",\"dialog_offcanvas_flip\":true,\"icon_align\":\"left\",\"link\":\"?product_cat=men\"}}]}]}],\"props\":{\"column_gap\":\"collapse\",\"height\":\"viewport\",\"height_viewport\":80,\"layout\":\"1-2,1-2\",\"margin_bottom\":\"remove\",\"margin_top\":\"remove\",\"row_gap\":\"collapse\"}}],\"name\":\"Categories 02\"}],\"version\":\"5.0.6\"} --><\/p>\n","protected":false},"excerpt":{"rendered":"<p>ARS NORDIC minirekuperatoriai namams Efektyvus patalp\u0173 v\u0117dinimas net esant dideliam \u0161al\u010diui \u00a0\u2713 Veikia iki -25\u00b0C\u2713 Tylus veikimas\u2713 Paprastas montavimas\u2713 Pagaminta Lietuvoje Explore Our Latest Arrivals Spring Summer 2024 Color Essentials Women Men Knitwear Women Men Bestsellers Women Men<\/p>\n","protected":false},"author":1,"featured_media":0,"parent":0,"menu_order":11,"comment_status":"closed","ping_status":"closed","template":"","meta":{"_acf_changed":false,"footnotes":""},"class_list":["post-1","page","type-page","status-publish","hentry"],"acf":[],"_links":{"self":[{"href":"https:\/\/easybooking.lt\/index.php?rest_route=\/wp\/v2\/pages\/1","targetHints":{"allow":["GET"]}}],"collection":[{"href":"https:\/\/easybooking.lt\/index.php?rest_route=\/wp\/v2\/pages"}],"about":[{"href":"https:\/\/easybooking.lt\/index.php?rest_route=\/wp\/v2\/types\/page"}],"author":[{"embeddable":true,"href":"https:\/\/easybooking.lt\/index.php?rest_route=\/wp\/v2\/users\/1"}],"replies":[{"embeddable":true,"href":"https:\/\/easybooking.lt\/index.php?rest_route=%2Fwp%2Fv2%2Fcomments&post=1"}],"version-history":[{"count":73,"href":"https:\/\/easybooking.lt\/index.php?rest_route=\/wp\/v2\/pages\/1\/revisions"}],"predecessor-version":[{"id":3259,"href":"https:\/\/easybooking.lt\/index.php?rest_route=\/wp\/v2\/pages\/1\/revisions\/3259"}],"wp:attachment":[{"href":"https:\/\/easybooking.lt\/index.php?rest_route=%2Fwp%2Fv2%2Fmedia&parent=1"}],"curies":[{"name":"wp","href":"https:\/\/api.w.org\/{rel}","templated":true}]}}